{"id":2,"date":"2024-09-23T16:02:06","date_gmt":"2024-09-23T16:02:06","guid":{"rendered":"https:\/\/itaraoro.rkinformatika.online\/?page_id=2"},"modified":"2025-04-03T14:13:21","modified_gmt":"2025-04-03T14:13:21","slug":"inicio","status":"publish","type":"page","link":"https:\/\/lastejeras.es\/en\/","title":{"rendered":"Home"},"content":{"rendered":"<div data-elementor-type=\"wp-page\" data-elementor-id=\"2\" class=\"elementor elementor-2\" data-elementor-post-type=\"page\">\n\t\t\t\t<div class=\"elementor-element elementor-element-85362ec e-con-full e-flex e-con e-parent\" data-id=\"85362ec\" data-element_type=\"container\" data-e-type=\"container\" data-settings=\"{&quot;background_background&quot;:&quot;classic&quot;}\">\n\t\t\t\t<div class=\"elementor-element elementor-element-54010a2 elementor-widget elementor-widget-heading\" data-id=\"54010a2\" data-element_type=\"widget\" data-e-type=\"widget\" data-widget_type=\"heading.default\">\n\t\t\t\t<div class=\"elementor-widget-container\">\n\t\t\t\t\t<h2 class=\"elementor-heading-title elementor-size-default\">Bookstore and Copy Shop<\/h2>\t\t\t\t<\/div>\n\t\t\t\t<\/div>\n\t\t\t\t<\/div>\n\t\t<div class=\"elementor-element elementor-element-e9e4b35 e-flex e-con-boxed e-con e-parent\" data-id=\"e9e4b35\" data-element_type=\"container\" data-e-type=\"container\">\n\t\t\t\t\t<div class=\"e-con-inner\">\n\t\t\t\t<div class=\"elementor-element elementor-element-14b65d3 elementor-widget elementor-widget-heading\" data-id=\"14b65d3\" data-element_type=\"widget\" data-e-type=\"widget\" data-widget_type=\"heading.default\">\n\t\t\t\t<div class=\"elementor-widget-container\">\n\t\t\t\t\t<h2 class=\"elementor-heading-title elementor-size-default\">13 YEARS AT YOUR DISPOSAL, ALWAYS WORKING TO SATISFY OUR CUSTOMERS<\/h2>\t\t\t\t<\/div>\n\t\t\t\t<\/div>\n\t\t\t\t\t<\/div>\n\t\t\t\t<\/div>\n\t\t<div class=\"elementor-element elementor-element-7bf126b e-flex e-con-boxed e-con e-parent\" data-id=\"7bf126b\" data-element_type=\"container\" data-e-type=\"container\">\n\t\t\t\t\t<div class=\"e-con-inner\">\n\t\t\t\t<div class=\"elementor-element elementor-element-bf026b4 elementor-position-left elementor-position-left elementor-vertical-align-middle elementor-vertical-align-middle elementor-widget__width-inherit elementor-widget elementor-widget-image-box\" data-id=\"bf026b4\" data-element_type=\"widget\" data-e-type=\"widget\" data-widget_type=\"image-box.default\">\n\t\t\t\t<div class=\"elementor-widget-container\">\n\t\t\t\t\t<div class=\"elementor-image-box-wrapper\"><figure class=\"elementor-image-box-img\"><img fetchpriority=\"high\" decoding=\"async\" width=\"1000\" height=\"665\" src=\"https:\/\/lastejeras.es\/wp-content\/uploads\/2025\/02\/59504.jpg\" class=\"attachment-full size-full wp-image-1200\" alt=\"\" srcset=\"https:\/\/lastejeras.es\/wp-content\/uploads\/2025\/02\/59504.jpg 1000w, https:\/\/lastejeras.es\/wp-content\/uploads\/2025\/02\/59504-300x200.jpg 300w, https:\/\/lastejeras.es\/wp-content\/uploads\/2025\/02\/59504-768x511.jpg 768w, https:\/\/lastejeras.es\/wp-content\/uploads\/2025\/02\/59504-18x12.jpg 18w\" sizes=\"(max-width: 1000px) 100vw, 1000px\" \/><\/figure><div class=\"elementor-image-box-content\"><h3 class=\"elementor-image-box-title\">OUR HISTORY<\/h3><p class=\"elementor-image-box-description\">Since our founding in 2012 in Alcantarilla, Las Tejeras Bookstore and Copy Shop has constantly worked to expand and improve our services, offering an increasingly comprehensive range of products to meet our customers' needs.\n<br><br>\nIn 2016, we took a further step with the opening of our second bookstore in Murcia, Infante area, consolidating our commitment to culture and copying services. And in 2019, we evolved again with the launch of our website, allowing easier and faster access to our services, highlighting online copying as one of our core products.<\/p><\/div><\/div>\t\t\t\t<\/div>\n\t\t\t\t<\/div>\n\t\t\t\t\t<\/div>\n\t\t\t\t<\/div>\n\t\t<div class=\"elementor-element elementor-element-043afde e-flex e-con-boxed e-con e-parent\" data-id=\"043afde\" data-element_type=\"container\" data-e-type=\"container\" data-settings=\"{&quot;background_background&quot;:&quot;classic&quot;}\">\n\t\t\t\t\t<div class=\"e-con-inner\">\n\t\t\t\t<div class=\"elementor-element elementor-element-02fdff0 elementor-widget elementor-widget-heading\" data-id=\"02fdff0\" data-element_type=\"widget\" data-e-type=\"widget\" data-widget_type=\"heading.default\">\n\t\t\t\t<div class=\"elementor-widget-container\">\n\t\t\t\t\t<h6 class=\"elementor-heading-title elementor-size-default\">With a wide selection of books for all ages and friendly service, we continue to serve you with passion and commitment. We look forward to seeing you!<\/h6>\t\t\t\t<\/div>\n\t\t\t\t<\/div>\n\t\t\t\t<div class=\"elementor-element elementor-element-6d9c13c elementor-align-center elementor-widget elementor-widget-button\" data-id=\"6d9c13c\" data-element_type=\"widget\" data-e-type=\"widget\" data-widget_type=\"button.default\">\n\t\t\t\t<div class=\"elementor-widget-container\">\n\t\t\t\t\t\t\t\t\t<div class=\"elementor-button-wrapper\">\n\t\t\t\t\t<a class=\"elementor-button elementor-button-link elementor-size-sm\" href=\"https:\/\/lastejeras.es\/en\/contacto\/\">\n\t\t\t\t\t\t<span class=\"elementor-button-content-wrapper\">\n\t\t\t\t\t\t\t\t\t<span class=\"elementor-button-text\">Contact Us<\/span>\n\t\t\t\t\t<\/span>\n\t\t\t\t\t<\/a>\n\t\t\t\t<\/div>\n\t\t\t\t\t\t\t\t<\/div>\n\t\t\t\t<\/div>\n\t\t\t\t\t<\/div>\n\t\t\t\t<\/div>\n\t\t<div class=\"elementor-element elementor-element-b5cf82a e-flex e-con-boxed e-con e-parent\" data-id=\"b5cf82a\" data-element_type=\"container\" data-e-type=\"container\">\n\t\t\t\t\t<div class=\"e-con-inner\">\n\t\t\t\t<div class=\"elementor-element elementor-element-b46142a elementor-position-top elementor-widget elementor-widget-image-box\" data-id=\"b46142a\" data-element_type=\"widget\" data-e-type=\"widget\" data-widget_type=\"image-box.default\">\n\t\t\t\t<div class=\"elementor-widget-container\">\n\t\t\t\t\t<div class=\"elementor-image-box-wrapper\"><figure class=\"elementor-image-box-img\"><a href=\"https:\/\/lastejeras.es\/en\/contacto\/\" tabindex=\"-1\"><img decoding=\"async\" width=\"1500\" height=\"1001\" src=\"https:\/\/lastejeras.es\/wp-content\/uploads\/2025\/02\/123795.jpg\" class=\"attachment-full size-full wp-image-1280\" alt=\"\" srcset=\"https:\/\/lastejeras.es\/wp-content\/uploads\/2025\/02\/123795.jpg 1500w, https:\/\/lastejeras.es\/wp-content\/uploads\/2025\/02\/123795-300x200.jpg 300w, https:\/\/lastejeras.es\/wp-content\/uploads\/2025\/02\/123795-1024x683.jpg 1024w, https:\/\/lastejeras.es\/wp-content\/uploads\/2025\/02\/123795-768x513.jpg 768w, https:\/\/lastejeras.es\/wp-content\/uploads\/2025\/02\/123795-18x12.jpg 18w\" sizes=\"(max-width: 1500px) 100vw, 1500px\" \/><\/a><\/figure><div class=\"elementor-image-box-content\"><h3 class=\"elementor-image-box-title\"><a href=\"https:\/\/lastejeras.es\/en\/contacto\/\">Send us your copies by email<\/a><\/h3><p class=\"elementor-image-box-description\">Send us your copies by email and forget about waiting. Print easily, quickly, and hassle-free!\n<br><br>\nAlcantarilla: info@librerialastejeras.es\n<br>\nMurcia: infante@librerialastejeras.es<\/p><\/div><\/div>\t\t\t\t<\/div>\n\t\t\t\t<\/div>\n\t\t\t\t<div class=\"elementor-element elementor-element-1651a8e elementor-position-top elementor-widget elementor-widget-image-box\" data-id=\"1651a8e\" data-element_type=\"widget\" data-e-type=\"widget\" data-widget_type=\"image-box.default\">\n\t\t\t\t<div class=\"elementor-widget-container\">\n\t\t\t\t\t<div class=\"elementor-image-box-wrapper\"><figure class=\"elementor-image-box-img\"><a href=\"https:\/\/lastejeras.es\/en\/contacto\/\" tabindex=\"-1\"><img decoding=\"async\" width=\"1500\" height=\"1000\" src=\"https:\/\/lastejeras.es\/wp-content\/uploads\/2025\/02\/19.jpg\" class=\"attachment-full size-full wp-image-1281\" alt=\"\" srcset=\"https:\/\/lastejeras.es\/wp-content\/uploads\/2025\/02\/19.jpg 1500w, https:\/\/lastejeras.es\/wp-content\/uploads\/2025\/02\/19-300x200.jpg 300w, https:\/\/lastejeras.es\/wp-content\/uploads\/2025\/02\/19-1024x683.jpg 1024w, https:\/\/lastejeras.es\/wp-content\/uploads\/2025\/02\/19-768x512.jpg 768w, https:\/\/lastejeras.es\/wp-content\/uploads\/2025\/02\/19-18x12.jpg 18w\" sizes=\"(max-width: 1500px) 100vw, 1500px\" \/><\/a><\/figure><div class=\"elementor-image-box-content\"><h3 class=\"elementor-image-box-title\"><a href=\"https:\/\/lastejeras.es\/en\/contacto\/\">You can also contact us via WhatsApp<\/a><\/h3><p class=\"elementor-image-box-description\">Send us your copies by email and forget about waiting. You can also contact us via WhatsApp for even faster and more convenient service.\n<br><br>\nAlcantarilla: 676 549 206\n<br>\nMurcia: 653 754 896\n<\/p><\/div><\/div>\t\t\t\t<\/div>\n\t\t\t\t<\/div>\n\t\t\t\t\t<\/div>\n\t\t\t\t<\/div>\n\t\t<div class=\"elementor-element elementor-element-90b078f e-flex e-con-boxed e-con e-parent\" data-id=\"90b078f\" data-element_type=\"container\" data-e-type=\"container\" data-settings=\"{&quot;background_background&quot;:&quot;classic&quot;}\">\n\t\t\t\t\t<div class=\"e-con-inner\">\n\t\t\t\t<div class=\"elementor-element elementor-element-722928e elementor-widget elementor-widget-heading\" data-id=\"722928e\" data-element_type=\"widget\" data-e-type=\"widget\" data-widget_type=\"heading.default\">\n\t\t\t\t<div class=\"elementor-widget-container\">\n\t\t\t\t\t<h2 class=\"elementor-heading-title elementor-size-default\">Service<\/h2>\t\t\t\t<\/div>\n\t\t\t\t<\/div>\n\t\t\t\t\t<\/div>\n\t\t\t\t<\/div>\n\t\t<div class=\"elementor-element elementor-element-be10d2a e-flex e-con-boxed e-con e-parent\" data-id=\"be10d2a\" data-element_type=\"container\" data-e-type=\"container\" data-settings=\"{&quot;background_background&quot;:&quot;classic&quot;}\">\n\t\t\t\t\t<div class=\"e-con-inner\">\n\t\t\t\t<div class=\"elementor-element elementor-element-3f4d323 elementor-widget elementor-widget-text-editor\" data-id=\"3f4d323\" data-element_type=\"widget\" data-e-type=\"widget\" data-widget_type=\"text-editor.default\">\n\t\t\t\t<div class=\"elementor-widget-container\">\n\t\t\t\t\t\t\t\t\t<p>Printing photocopies<\/p><p>Metal Binding<\/p><p>School Supplies<\/p><p>Reserve Reading Books<\/p><p>Reserve Textbooks<\/p>\t\t\t\t\t\t\t\t<\/div>\n\t\t\t\t<\/div>\n\t\t\t\t\t<\/div>\n\t\t\t\t<\/div>\n\t\t<div class=\"elementor-element elementor-element-dd4bc93 e-flex e-con-boxed e-con e-parent\" data-id=\"dd4bc93\" data-element_type=\"container\" data-e-type=\"container\" data-settings=\"{&quot;background_background&quot;:&quot;classic&quot;}\">\n\t\t\t\t\t<div class=\"e-con-inner\">\n\t\t\t\t<div class=\"elementor-element elementor-element-b7b14b6 elementor-align-center elementor-widget elementor-widget-button\" data-id=\"b7b14b6\" data-element_type=\"widget\" data-e-type=\"widget\" data-widget_type=\"button.default\">\n\t\t\t\t<div class=\"elementor-widget-container\">\n\t\t\t\t\t\t\t\t\t<div class=\"elementor-button-wrapper\">\n\t\t\t\t\t<a class=\"elementor-button elementor-button-link elementor-size-sm\" href=\"https:\/\/lastejeras.es\/en\/servicios\/\">\n\t\t\t\t\t\t<span class=\"elementor-button-content-wrapper\">\n\t\t\t\t\t\t\t\t\t<span class=\"elementor-button-text\">Discover More<\/span>\n\t\t\t\t\t<\/span>\n\t\t\t\t\t<\/a>\n\t\t\t\t<\/div>\n\t\t\t\t\t\t\t\t<\/div>\n\t\t\t\t<\/div>\n\t\t\t\t\t<\/div>\n\t\t\t\t<\/div>\n\t\t\t\t<\/div>","protected":false},"excerpt":{"rendered":"<p>Librer\u00eda y Copister\u00eda 13 A\u00d1OS A VUESTRA DISPOSICI\u00d3N, SIEMPRE TRABAJANDO PARA SATISFACER A NUESTROS CLIENTES NUESTRA HISTORIA Desde nuestra fundaci\u00f3n en 2012 en Alcantarilla, en Librer\u00eda y Copister\u00eda Las Tejeras hemos trabajado constantemente para ampliar y mejorar nuestros servicios, ofreciendo una gama cada vez m\u00e1s completa de productos para satisfacer las necesidades de nuestros clientes. [&hellip;]<\/p>\n","protected":false},"author":4,"featured_media":0,"parent":0,"menu_order":0,"comment_status":"closed","ping_status":"closed","template":"","meta":{"footnotes":""},"class_list":["post-2","page","type-page","status-publish","hentry"],"yoast_head":"<!-- This site is optimized with the Yoast SEO plugin v27.5 - https:\/\/yoast.com\/product\/yoast-seo-wordpress\/ -->\n<title>Inicio - LIBRER\u00cdA LAS TEJERAS SL<\/title>\n<meta name=\"robots\" content=\"index, follow, max-snippet:-1, max-image-preview:large, max-video-preview:-1\" \/>\n<link rel=\"canonical\" href=\"https:\/\/lastejeras.es\/en\/\" \/>\n<meta property=\"og:locale\" content=\"en_GB\" \/>\n<meta property=\"og:type\" content=\"article\" \/>\n<meta property=\"og:title\" content=\"Inicio - LIBRER\u00cdA LAS TEJERAS SL\" \/>\n<meta property=\"og:description\" content=\"Librer\u00eda y Copister\u00eda 13 A\u00d1OS A VUESTRA DISPOSICI\u00d3N, SIEMPRE TRABAJANDO PARA SATISFACER A NUESTROS CLIENTES NUESTRA HISTORIA Desde nuestra fundaci\u00f3n en 2012 en Alcantarilla, en Librer\u00eda y Copister\u00eda Las Tejeras hemos trabajado constantemente para ampliar y mejorar nuestros servicios, ofreciendo una gama cada vez m\u00e1s completa de productos para satisfacer las necesidades de nuestros clientes. [&hellip;]\" \/>\n<meta property=\"og:url\" content=\"https:\/\/lastejeras.es\/en\/\" \/>\n<meta property=\"og:site_name\" content=\"LIBRER\u00cdA LAS TEJERAS SL\" \/>\n<meta property=\"article:modified_time\" content=\"2025-04-03T14:13:21+00:00\" \/>\n<meta property=\"og:image\" content=\"https:\/\/lastejeras.es\/wp-content\/uploads\/2025\/02\/59504.jpg\" \/>\n\t<meta property=\"og:image:width\" content=\"1000\" \/>\n\t<meta property=\"og:image:height\" content=\"665\" \/>\n\t<meta property=\"og:image:type\" content=\"image\/jpeg\" \/>\n<meta name=\"twitter:card\" content=\"summary_large_image\" \/>\n<meta name=\"twitter:label1\" content=\"Estimated reading time\" \/>\n\t<meta name=\"twitter:data1\" content=\"2 minutes\" \/>\n<script type=\"application\/ld+json\" class=\"yoast-schema-graph\">{\"@context\":\"https:\\\/\\\/schema.org\",\"@graph\":[{\"@type\":\"WebPage\",\"@id\":\"https:\\\/\\\/lastejeras.es\\\/\",\"url\":\"https:\\\/\\\/lastejeras.es\\\/\",\"name\":\"Inicio - LIBRER\u00cdA LAS TEJERAS SL\",\"isPartOf\":{\"@id\":\"https:\\\/\\\/lastejeras.es\\\/#website\"},\"primaryImageOfPage\":{\"@id\":\"https:\\\/\\\/lastejeras.es\\\/#primaryimage\"},\"image\":{\"@id\":\"https:\\\/\\\/lastejeras.es\\\/#primaryimage\"},\"thumbnailUrl\":\"https:\\\/\\\/lastejeras.es\\\/wp-content\\\/uploads\\\/2025\\\/02\\\/59504.jpg\",\"datePublished\":\"2024-09-23T16:02:06+00:00\",\"dateModified\":\"2025-04-03T14:13:21+00:00\",\"breadcrumb\":{\"@id\":\"https:\\\/\\\/lastejeras.es\\\/#breadcrumb\"},\"inLanguage\":\"en-GB\",\"potentialAction\":[{\"@type\":\"ReadAction\",\"target\":[\"https:\\\/\\\/lastejeras.es\\\/\"]}]},{\"@type\":\"ImageObject\",\"inLanguage\":\"en-GB\",\"@id\":\"https:\\\/\\\/lastejeras.es\\\/#primaryimage\",\"url\":\"https:\\\/\\\/lastejeras.es\\\/wp-content\\\/uploads\\\/2025\\\/02\\\/59504.jpg\",\"contentUrl\":\"https:\\\/\\\/lastejeras.es\\\/wp-content\\\/uploads\\\/2025\\\/02\\\/59504.jpg\"},{\"@type\":\"BreadcrumbList\",\"@id\":\"https:\\\/\\\/lastejeras.es\\\/#breadcrumb\",\"itemListElement\":[{\"@type\":\"ListItem\",\"position\":1,\"name\":\"Portada\",\"item\":\"https:\\\/\\\/lastejeras.es\\\/\"},{\"@type\":\"ListItem\",\"position\":2,\"name\":\"Inicio\"}]},{\"@type\":\"WebSite\",\"@id\":\"https:\\\/\\\/lastejeras.es\\\/#website\",\"url\":\"https:\\\/\\\/lastejeras.es\\\/\",\"name\":\"LIBRER\u00cdA LAS TEJERAS SL\",\"description\":\"Librer\u00eda y Copister\u00eda\",\"publisher\":{\"@id\":\"https:\\\/\\\/lastejeras.es\\\/#organization\"},\"potentialAction\":[{\"@type\":\"SearchAction\",\"target\":{\"@type\":\"EntryPoint\",\"urlTemplate\":\"https:\\\/\\\/lastejeras.es\\\/?s={search_term_string}\"},\"query-input\":{\"@type\":\"PropertyValueSpecification\",\"valueRequired\":true,\"valueName\":\"search_term_string\"}}],\"inLanguage\":\"en-GB\"},{\"@type\":\"Organization\",\"@id\":\"https:\\\/\\\/lastejeras.es\\\/#organization\",\"name\":\"LIBRER\u00cdA LAS TEJERAS SL\",\"url\":\"https:\\\/\\\/lastejeras.es\\\/\",\"logo\":{\"@type\":\"ImageObject\",\"inLanguage\":\"en-GB\",\"@id\":\"https:\\\/\\\/lastejeras.es\\\/#\\\/schema\\\/logo\\\/image\\\/\",\"url\":\"https:\\\/\\\/lastejeras.es\\\/wp-content\\\/uploads\\\/2025\\\/02\\\/cropped-Design-sem-nome.png\",\"contentUrl\":\"https:\\\/\\\/lastejeras.es\\\/wp-content\\\/uploads\\\/2025\\\/02\\\/cropped-Design-sem-nome.png\",\"width\":500,\"height\":453,\"caption\":\"LIBRER\u00cdA LAS TEJERAS SL\"},\"image\":{\"@id\":\"https:\\\/\\\/lastejeras.es\\\/#\\\/schema\\\/logo\\\/image\\\/\"}}]}<\/script>\n<!-- \/ Yoast SEO plugin. -->","yoast_head_json":{"title":"Inicio - LIBRER\u00cdA LAS TEJERAS SL","robots":{"index":"index","follow":"follow","max-snippet":"max-snippet:-1","max-image-preview":"max-image-preview:large","max-video-preview":"max-video-preview:-1"},"canonical":"https:\/\/lastejeras.es\/en\/","og_locale":"en_GB","og_type":"article","og_title":"Inicio - LIBRER\u00cdA LAS TEJERAS SL","og_description":"Librer\u00eda y Copister\u00eda 13 A\u00d1OS A VUESTRA DISPOSICI\u00d3N, SIEMPRE TRABAJANDO PARA SATISFACER A NUESTROS CLIENTES NUESTRA HISTORIA Desde nuestra fundaci\u00f3n en 2012 en Alcantarilla, en Librer\u00eda y Copister\u00eda Las Tejeras hemos trabajado constantemente para ampliar y mejorar nuestros servicios, ofreciendo una gama cada vez m\u00e1s completa de productos para satisfacer las necesidades de nuestros clientes. [&hellip;]","og_url":"https:\/\/lastejeras.es\/en\/","og_site_name":"LIBRER\u00cdA LAS TEJERAS SL","article_modified_time":"2025-04-03T14:13:21+00:00","og_image":[{"width":1000,"height":665,"url":"https:\/\/lastejeras.es\/wp-content\/uploads\/2025\/02\/59504.jpg","type":"image\/jpeg"}],"twitter_card":"summary_large_image","twitter_misc":{"Estimated reading time":"2 minutes"},"schema":{"@context":"https:\/\/schema.org","@graph":[{"@type":"WebPage","@id":"https:\/\/lastejeras.es\/","url":"https:\/\/lastejeras.es\/","name":"Inicio - LIBRER\u00cdA LAS TEJERAS SL","isPartOf":{"@id":"https:\/\/lastejeras.es\/#website"},"primaryImageOfPage":{"@id":"https:\/\/lastejeras.es\/#primaryimage"},"image":{"@id":"https:\/\/lastejeras.es\/#primaryimage"},"thumbnailUrl":"https:\/\/lastejeras.es\/wp-content\/uploads\/2025\/02\/59504.jpg","datePublished":"2024-09-23T16:02:06+00:00","dateModified":"2025-04-03T14:13:21+00:00","breadcrumb":{"@id":"https:\/\/lastejeras.es\/#breadcrumb"},"inLanguage":"en-GB","potentialAction":[{"@type":"ReadAction","target":["https:\/\/lastejeras.es\/"]}]},{"@type":"ImageObject","inLanguage":"en-GB","@id":"https:\/\/lastejeras.es\/#primaryimage","url":"https:\/\/lastejeras.es\/wp-content\/uploads\/2025\/02\/59504.jpg","contentUrl":"https:\/\/lastejeras.es\/wp-content\/uploads\/2025\/02\/59504.jpg"},{"@type":"BreadcrumbList","@id":"https:\/\/lastejeras.es\/#breadcrumb","itemListElement":[{"@type":"ListItem","position":1,"name":"Portada","item":"https:\/\/lastejeras.es\/"},{"@type":"ListItem","position":2,"name":"Inicio"}]},{"@type":"WebSite","@id":"https:\/\/lastejeras.es\/#website","url":"https:\/\/lastejeras.es\/","name":"LIBRER\u00cdA LAS TEJERAS SL","description":"Bookstore and Copy Shop","publisher":{"@id":"https:\/\/lastejeras.es\/#organization"},"potentialAction":[{"@type":"SearchAction","target":{"@type":"EntryPoint","urlTemplate":"https:\/\/lastejeras.es\/?s={search_term_string}"},"query-input":{"@type":"PropertyValueSpecification","valueRequired":true,"valueName":"search_term_string"}}],"inLanguage":"en-GB"},{"@type":"Organization","@id":"https:\/\/lastejeras.es\/#organization","name":"LIBRER\u00cdA LAS TEJERAS SL","url":"https:\/\/lastejeras.es\/","logo":{"@type":"ImageObject","inLanguage":"en-GB","@id":"https:\/\/lastejeras.es\/#\/schema\/logo\/image\/","url":"https:\/\/lastejeras.es\/wp-content\/uploads\/2025\/02\/cropped-Design-sem-nome.png","contentUrl":"https:\/\/lastejeras.es\/wp-content\/uploads\/2025\/02\/cropped-Design-sem-nome.png","width":500,"height":453,"caption":"LIBRER\u00cdA LAS TEJERAS SL"},"image":{"@id":"https:\/\/lastejeras.es\/#\/schema\/logo\/image\/"}}]}},"_links":{"self":[{"href":"https:\/\/lastejeras.es\/en\/wp-json\/wp\/v2\/pages\/2","targetHints":{"allow":["GET"]}}],"collection":[{"href":"https:\/\/lastejeras.es\/en\/wp-json\/wp\/v2\/pages"}],"about":[{"href":"https:\/\/lastejeras.es\/en\/wp-json\/wp\/v2\/types\/page"}],"author":[{"embeddable":true,"href":"https:\/\/lastejeras.es\/en\/wp-json\/wp\/v2\/users\/4"}],"replies":[{"embeddable":true,"href":"https:\/\/lastejeras.es\/en\/wp-json\/wp\/v2\/comments?post=2"}],"version-history":[{"count":165,"href":"https:\/\/lastejeras.es\/en\/wp-json\/wp\/v2\/pages\/2\/revisions"}],"predecessor-version":[{"id":1328,"href":"https:\/\/lastejeras.es\/en\/wp-json\/wp\/v2\/pages\/2\/revisions\/1328"}],"wp:attachment":[{"href":"https:\/\/lastejeras.es\/en\/wp-json\/wp\/v2\/media?parent=2"}],"curies":[{"name":"wp","href":"https:\/\/api.w.org\/{rel}","templated":true}]}}