{"id":31,"date":"2024-09-25T14:34:37","date_gmt":"2024-09-25T14:34:37","guid":{"rendered":"https:\/\/itaraoro.rkinformatika.online\/?page_id=31"},"modified":"2025-04-03T14:13:40","modified_gmt":"2025-04-03T14:13:40","slug":"servicios","status":"publish","type":"page","link":"https:\/\/lastejeras.es\/en\/servicios\/","title":{"rendered":"Service"},"content":{"rendered":"<div data-elementor-type=\"wp-page\" data-elementor-id=\"31\" class=\"elementor elementor-31\" data-elementor-post-type=\"page\">\n\t\t\t\t<div class=\"elementor-element elementor-element-ea9ebb7 e-con-full e-flex e-con e-parent\" data-id=\"ea9ebb7\" data-element_type=\"container\" data-e-type=\"container\" data-settings=\"{&quot;background_background&quot;:&quot;classic&quot;}\">\n\t\t\t\t<\/div>\n\t\t<div class=\"elementor-element elementor-element-c7396f1 e-flex e-con-boxed e-con e-parent\" data-id=\"c7396f1\" data-element_type=\"container\" data-e-type=\"container\" data-settings=\"{&quot;background_background&quot;:&quot;classic&quot;}\">\n\t\t\t\t\t<div class=\"e-con-inner\">\n\t\t\t\t<div class=\"elementor-element elementor-element-ae63abf elementor-widget elementor-widget-heading\" data-id=\"ae63abf\" data-element_type=\"widget\" data-e-type=\"widget\" data-widget_type=\"heading.default\">\n\t\t\t\t<div class=\"elementor-widget-container\">\n\t\t\t\t\t<h2 class=\"elementor-heading-title elementor-size-default\">Encontrar\u00e1s una amplia variedad de libros, material de oficina y un servicio de copister\u00eda de calidad.<\/h2>\t\t\t\t<\/div>\n\t\t\t\t<\/div>\n\t\t\t\t\t<\/div>\n\t\t\t\t<\/div>\n\t\t<div class=\"elementor-element elementor-element-fdaf582 e-flex e-con-boxed e-con e-parent\" data-id=\"fdaf582\" data-element_type=\"container\" data-e-type=\"container\" data-settings=\"{&quot;background_background&quot;:&quot;classic&quot;}\">\n\t\t\t\t\t<div class=\"e-con-inner\">\n\t\t\t\t<div class=\"elementor-element elementor-element-cde7418 elementor-position-left elementor-vertical-align-middle elementor-widget elementor-widget-image-box\" data-id=\"cde7418\" data-element_type=\"widget\" data-e-type=\"widget\" data-widget_type=\"image-box.default\">\n\t\t\t\t<div class=\"elementor-widget-container\">\n\t\t\t\t\t<div class=\"elementor-image-box-wrapper\"><figure class=\"elementor-image-box-img\"><img fetchpriority=\"high\" decoding=\"async\" width=\"1500\" height=\"1001\" src=\"https:\/\/lastejeras.es\/wp-content\/uploads\/2025\/02\/2149456933.jpg\" class=\"attachment-full size-full wp-image-1189\" alt=\"\" srcset=\"https:\/\/lastejeras.es\/wp-content\/uploads\/2025\/02\/2149456933.jpg 1500w, https:\/\/lastejeras.es\/wp-content\/uploads\/2025\/02\/2149456933-300x200.jpg 300w, https:\/\/lastejeras.es\/wp-content\/uploads\/2025\/02\/2149456933-1024x683.jpg 1024w, https:\/\/lastejeras.es\/wp-content\/uploads\/2025\/02\/2149456933-768x513.jpg 768w, https:\/\/lastejeras.es\/wp-content\/uploads\/2025\/02\/2149456933-18x12.jpg 18w\" sizes=\"(max-width: 1500px) 100vw, 1500px\" \/><\/figure><div class=\"elementor-image-box-content\"><h3 class=\"elementor-image-box-title\">Impresi\u00f3n de Fotocopias<\/h3><p class=\"elementor-image-box-description\">Realizamos fotocopias e impresiones en blanco y negro y a color, con la mejor calidad y en diferentes formatos, adapt\u00e1ndonos a tus necesidades acad\u00e9micas o profesionales.<\/p><\/div><\/div>\t\t\t\t<\/div>\n\t\t\t\t<\/div>\n\t\t\t\t<div class=\"elementor-element elementor-element-4bdd872 elementor-widget-divider--view-line elementor-widget elementor-widget-divider\" data-id=\"4bdd872\" data-element_type=\"widget\" data-e-type=\"widget\" data-widget_type=\"divider.default\">\n\t\t\t\t<div class=\"elementor-widget-container\">\n\t\t\t\t\t\t\t<div class=\"elementor-divider\">\n\t\t\t<span class=\"elementor-divider-separator\">\n\t\t\t\t\t\t<\/span>\n\t\t<\/div>\n\t\t\t\t\t\t<\/div>\n\t\t\t\t<\/div>\n\t\t\t\t<div class=\"elementor-element elementor-element-6358c50 elementor-position-left elementor-vertical-align-middle elementor-widget elementor-widget-image-box\" data-id=\"6358c50\" data-element_type=\"widget\" data-e-type=\"widget\" data-widget_type=\"image-box.default\">\n\t\t\t\t<div class=\"elementor-widget-container\">\n\t\t\t\t\t<div class=\"elementor-image-box-wrapper\"><figure class=\"elementor-image-box-img\"><img decoding=\"async\" width=\"1000\" height=\"667\" src=\"https:\/\/lastejeras.es\/wp-content\/uploads\/2025\/02\/128875.jpg\" class=\"attachment-full size-full wp-image-1258\" alt=\"\" srcset=\"https:\/\/lastejeras.es\/wp-content\/uploads\/2025\/02\/128875.jpg 1000w, https:\/\/lastejeras.es\/wp-content\/uploads\/2025\/02\/128875-300x200.jpg 300w, https:\/\/lastejeras.es\/wp-content\/uploads\/2025\/02\/128875-768x512.jpg 768w, https:\/\/lastejeras.es\/wp-content\/uploads\/2025\/02\/128875-18x12.jpg 18w\" sizes=\"(max-width: 1000px) 100vw, 1000px\" \/><\/figure><div class=\"elementor-image-box-content\"><h3 class=\"elementor-image-box-title\">Metal Binding<\/h3><p class=\"elementor-image-box-description\">Dale un acabado profesional a tus documentos con nuestra encuadernaci\u00f3n met\u00e1lica, ideal para trabajos, apuntes, presentaciones y proyectos importantes.<\/p><\/div><\/div>\t\t\t\t<\/div>\n\t\t\t\t<\/div>\n\t\t\t\t<div class=\"elementor-element elementor-element-b8d6450 elementor-widget-divider--view-line elementor-widget elementor-widget-divider\" data-id=\"b8d6450\" data-element_type=\"widget\" data-e-type=\"widget\" data-widget_type=\"divider.default\">\n\t\t\t\t<div class=\"elementor-widget-container\">\n\t\t\t\t\t\t\t<div class=\"elementor-divider\">\n\t\t\t<span class=\"elementor-divider-separator\">\n\t\t\t\t\t\t<\/span>\n\t\t<\/div>\n\t\t\t\t\t\t<\/div>\n\t\t\t\t<\/div>\n\t\t\t\t<div class=\"elementor-element elementor-element-c3cf183 elementor-position-left elementor-vertical-align-middle elementor-widget elementor-widget-image-box\" data-id=\"c3cf183\" data-element_type=\"widget\" data-e-type=\"widget\" data-widget_type=\"image-box.default\">\n\t\t\t\t<div class=\"elementor-widget-container\">\n\t\t\t\t\t<div class=\"elementor-image-box-wrapper\"><figure class=\"elementor-image-box-img\"><img decoding=\"async\" width=\"1000\" height=\"665\" src=\"https:\/\/lastejeras.es\/wp-content\/uploads\/2025\/02\/2147654402.jpg\" class=\"attachment-full size-full wp-image-1259\" alt=\"\" srcset=\"https:\/\/lastejeras.es\/wp-content\/uploads\/2025\/02\/2147654402.jpg 1000w, https:\/\/lastejeras.es\/wp-content\/uploads\/2025\/02\/2147654402-300x200.jpg 300w, https:\/\/lastejeras.es\/wp-content\/uploads\/2025\/02\/2147654402-768x511.jpg 768w, https:\/\/lastejeras.es\/wp-content\/uploads\/2025\/02\/2147654402-18x12.jpg 18w\" sizes=\"(max-width: 1000px) 100vw, 1000px\" \/><\/figure><div class=\"elementor-image-box-content\"><h3 class=\"elementor-image-box-title\">Material Escolar y de Oficina<\/h3><p class=\"elementor-image-box-description\">Disponemos de una amplia variedad de material escolar y de oficina, desde bol\u00edgrafos, cuadernos y carpetas hasta productos especializados para estudiantes y profesionales.<\/p><\/div><\/div>\t\t\t\t<\/div>\n\t\t\t\t<\/div>\n\t\t\t\t<div class=\"elementor-element elementor-element-33bb67c elementor-widget-divider--view-line elementor-widget elementor-widget-divider\" data-id=\"33bb67c\" data-element_type=\"widget\" data-e-type=\"widget\" data-widget_type=\"divider.default\">\n\t\t\t\t<div class=\"elementor-widget-container\">\n\t\t\t\t\t\t\t<div class=\"elementor-divider\">\n\t\t\t<span class=\"elementor-divider-separator\">\n\t\t\t\t\t\t<\/span>\n\t\t<\/div>\n\t\t\t\t\t\t<\/div>\n\t\t\t\t<\/div>\n\t\t\t\t<div class=\"elementor-element elementor-element-c1f354e elementor-position-left elementor-vertical-align-middle elementor-widget elementor-widget-image-box\" data-id=\"c1f354e\" data-element_type=\"widget\" data-e-type=\"widget\" data-widget_type=\"image-box.default\">\n\t\t\t\t<div class=\"elementor-widget-container\">\n\t\t\t\t\t<div class=\"elementor-image-box-wrapper\"><figure class=\"elementor-image-box-img\"><img loading=\"lazy\" decoding=\"async\" width=\"1000\" height=\"667\" src=\"https:\/\/lastejeras.es\/wp-content\/uploads\/2025\/02\/2150064708.jpg\" class=\"attachment-full size-full wp-image-1263\" alt=\"\" srcset=\"https:\/\/lastejeras.es\/wp-content\/uploads\/2025\/02\/2150064708.jpg 1000w, https:\/\/lastejeras.es\/wp-content\/uploads\/2025\/02\/2150064708-300x200.jpg 300w, https:\/\/lastejeras.es\/wp-content\/uploads\/2025\/02\/2150064708-768x512.jpg 768w, https:\/\/lastejeras.es\/wp-content\/uploads\/2025\/02\/2150064708-18x12.jpg 18w\" sizes=\"(max-width: 1000px) 100vw, 1000px\" \/><\/figure><div class=\"elementor-image-box-content\"><h3 class=\"elementor-image-box-title\">Reserva Libros de Lectura y Libros de Texto<\/h3><p class=\"elementor-image-box-description\">Facilitamos la reserva de libros de lectura y libros de texto para colegios, institutos y universidades, garantizando que tengas el material necesario a tiempo y sin preocupaciones.<\/p><\/div><\/div>\t\t\t\t<\/div>\n\t\t\t\t<\/div>\n\t\t\t\t\t<\/div>\n\t\t\t\t<\/div>\n\t\t<div class=\"elementor-element elementor-element-f780826 e-flex e-con-boxed e-con e-parent\" data-id=\"f780826\" data-element_type=\"container\" data-e-type=\"container\">\n\t\t\t\t\t<div class=\"e-con-inner\">\n\t\t\t\t<div class=\"elementor-element elementor-element-2dd7450 elementor-widget elementor-widget-image\" data-id=\"2dd7450\" data-element_type=\"widget\" data-e-type=\"widget\" data-widget_type=\"image.default\">\n\t\t\t\t<div class=\"elementor-widget-container\">\n\t\t\t\t\t\t\t\t\t\t\t\t\t\t\t<img loading=\"lazy\" decoding=\"async\" width=\"764\" height=\"382\" src=\"https:\/\/lastejeras.es\/wp-content\/uploads\/2025\/02\/9-Libreria-Las-Tejeras.jpg\" class=\"attachment-large size-large wp-image-1315\" alt=\"\" srcset=\"https:\/\/lastejeras.es\/wp-content\/uploads\/2025\/02\/9-Libreria-Las-Tejeras.jpg 764w, https:\/\/lastejeras.es\/wp-content\/uploads\/2025\/02\/9-Libreria-Las-Tejeras-300x150.jpg 300w, https:\/\/lastejeras.es\/wp-content\/uploads\/2025\/02\/9-Libreria-Las-Tejeras-18x9.jpg 18w\" sizes=\"(max-width: 764px) 100vw, 764px\" \/>\t\t\t\t\t\t\t\t\t\t\t\t\t\t\t<\/div>\n\t\t\t\t<\/div>\n\t\t\t\t\t<\/div>\n\t\t\t\t<\/div>\n\t\t\t\t<\/div>","protected":false},"excerpt":{"rendered":"<p>Encontrar\u00e1s una amplia variedad de libros, material de oficina y un servicio de copister\u00eda de calidad. Impresi\u00f3n de Fotocopias Realizamos fotocopias e impresiones en blanco y negro y a color, con la mejor calidad y en diferentes formatos, adapt\u00e1ndonos a tus necesidades acad\u00e9micas o profesionales. Encuadernaci\u00f3n Met\u00e1lica Dale un acabado profesional a tus documentos con [&hellip;]<\/p>\n","protected":false},"author":4,"featured_media":0,"parent":0,"menu_order":0,"comment_status":"closed","ping_status":"closed","template":"","meta":{"footnotes":""},"class_list":["post-31","page","type-page","status-publish","hentry"],"yoast_head":"<!-- This site is optimized with the Yoast SEO plugin v27.5 - https:\/\/yoast.com\/product\/yoast-seo-wordpress\/ -->\n<title>Servicios - LIBRER\u00cdA LAS TEJERAS SL<\/title>\n<meta name=\"robots\" content=\"index, follow, max-snippet:-1, max-image-preview:large, max-video-preview:-1\" \/>\n<link rel=\"canonical\" href=\"https:\/\/lastejeras.es\/en\/servicios\/\" \/>\n<meta property=\"og:locale\" content=\"en_GB\" \/>\n<meta property=\"og:type\" content=\"article\" \/>\n<meta property=\"og:title\" content=\"Servicios - LIBRER\u00cdA LAS TEJERAS SL\" \/>\n<meta property=\"og:description\" content=\"Encontrar\u00e1s una amplia variedad de libros, material de oficina y un servicio de copister\u00eda de calidad. Impresi\u00f3n de Fotocopias Realizamos fotocopias e impresiones en blanco y negro y a color, con la mejor calidad y en diferentes formatos, adapt\u00e1ndonos a tus necesidades acad\u00e9micas o profesionales. Encuadernaci\u00f3n Met\u00e1lica Dale un acabado profesional a tus documentos con [&hellip;]\" \/>\n<meta property=\"og:url\" content=\"https:\/\/lastejeras.es\/en\/servicios\/\" \/>\n<meta property=\"og:site_name\" content=\"LIBRER\u00cdA LAS TEJERAS SL\" \/>\n<meta property=\"article:modified_time\" content=\"2025-04-03T14:13:40+00:00\" \/>\n<meta property=\"og:image\" content=\"https:\/\/lastejeras.es\/wp-content\/uploads\/2025\/02\/2149456933.jpg\" \/>\n\t<meta property=\"og:image:width\" content=\"1500\" \/>\n\t<meta property=\"og:image:height\" content=\"1001\" \/>\n\t<meta property=\"og:image:type\" content=\"image\/jpeg\" \/>\n<meta name=\"twitter:card\" content=\"summary_large_image\" \/>\n<meta name=\"twitter:label1\" content=\"Estimated reading time\" \/>\n\t<meta name=\"twitter:data1\" content=\"2 minutes\" \/>\n<script type=\"application\/ld+json\" class=\"yoast-schema-graph\">{\"@context\":\"https:\\\/\\\/schema.org\",\"@graph\":[{\"@type\":\"WebPage\",\"@id\":\"https:\\\/\\\/lastejeras.es\\\/servicios\\\/\",\"url\":\"https:\\\/\\\/lastejeras.es\\\/servicios\\\/\",\"name\":\"Servicios - LIBRER\u00cdA LAS TEJERAS SL\",\"isPartOf\":{\"@id\":\"https:\\\/\\\/lastejeras.es\\\/#website\"},\"primaryImageOfPage\":{\"@id\":\"https:\\\/\\\/lastejeras.es\\\/servicios\\\/#primaryimage\"},\"image\":{\"@id\":\"https:\\\/\\\/lastejeras.es\\\/servicios\\\/#primaryimage\"},\"thumbnailUrl\":\"https:\\\/\\\/lastejeras.es\\\/wp-content\\\/uploads\\\/2025\\\/02\\\/2149456933.jpg\",\"datePublished\":\"2024-09-25T14:34:37+00:00\",\"dateModified\":\"2025-04-03T14:13:40+00:00\",\"breadcrumb\":{\"@id\":\"https:\\\/\\\/lastejeras.es\\\/servicios\\\/#breadcrumb\"},\"inLanguage\":\"en-GB\",\"potentialAction\":[{\"@type\":\"ReadAction\",\"target\":[\"https:\\\/\\\/lastejeras.es\\\/servicios\\\/\"]}]},{\"@type\":\"ImageObject\",\"inLanguage\":\"en-GB\",\"@id\":\"https:\\\/\\\/lastejeras.es\\\/servicios\\\/#primaryimage\",\"url\":\"https:\\\/\\\/lastejeras.es\\\/wp-content\\\/uploads\\\/2025\\\/02\\\/2149456933.jpg\",\"contentUrl\":\"https:\\\/\\\/lastejeras.es\\\/wp-content\\\/uploads\\\/2025\\\/02\\\/2149456933.jpg\"},{\"@type\":\"BreadcrumbList\",\"@id\":\"https:\\\/\\\/lastejeras.es\\\/servicios\\\/#breadcrumb\",\"itemListElement\":[{\"@type\":\"ListItem\",\"position\":1,\"name\":\"Portada\",\"item\":\"https:\\\/\\\/lastejeras.es\\\/\"},{\"@type\":\"ListItem\",\"position\":2,\"name\":\"Servicios\"}]},{\"@type\":\"WebSite\",\"@id\":\"https:\\\/\\\/lastejeras.es\\\/#website\",\"url\":\"https:\\\/\\\/lastejeras.es\\\/\",\"name\":\"LIBRER\u00cdA LAS TEJERAS SL\",\"description\":\"Librer\u00eda y Copister\u00eda\",\"publisher\":{\"@id\":\"https:\\\/\\\/lastejeras.es\\\/#organization\"},\"potentialAction\":[{\"@type\":\"SearchAction\",\"target\":{\"@type\":\"EntryPoint\",\"urlTemplate\":\"https:\\\/\\\/lastejeras.es\\\/?s={search_term_string}\"},\"query-input\":{\"@type\":\"PropertyValueSpecification\",\"valueRequired\":true,\"valueName\":\"search_term_string\"}}],\"inLanguage\":\"en-GB\"},{\"@type\":\"Organization\",\"@id\":\"https:\\\/\\\/lastejeras.es\\\/#organization\",\"name\":\"LIBRER\u00cdA LAS TEJERAS SL\",\"url\":\"https:\\\/\\\/lastejeras.es\\\/\",\"logo\":{\"@type\":\"ImageObject\",\"inLanguage\":\"en-GB\",\"@id\":\"https:\\\/\\\/lastejeras.es\\\/#\\\/schema\\\/logo\\\/image\\\/\",\"url\":\"https:\\\/\\\/lastejeras.es\\\/wp-content\\\/uploads\\\/2025\\\/02\\\/cropped-Design-sem-nome.png\",\"contentUrl\":\"https:\\\/\\\/lastejeras.es\\\/wp-content\\\/uploads\\\/2025\\\/02\\\/cropped-Design-sem-nome.png\",\"width\":500,\"height\":453,\"caption\":\"LIBRER\u00cdA LAS TEJERAS SL\"},\"image\":{\"@id\":\"https:\\\/\\\/lastejeras.es\\\/#\\\/schema\\\/logo\\\/image\\\/\"}}]}<\/script>\n<!-- \/ Yoast SEO plugin. -->","yoast_head_json":{"title":"Servicios - LIBRER\u00cdA LAS TEJERAS SL","robots":{"index":"index","follow":"follow","max-snippet":"max-snippet:-1","max-image-preview":"max-image-preview:large","max-video-preview":"max-video-preview:-1"},"canonical":"https:\/\/lastejeras.es\/en\/servicios\/","og_locale":"en_GB","og_type":"article","og_title":"Servicios - LIBRER\u00cdA LAS TEJERAS SL","og_description":"Encontrar\u00e1s una amplia variedad de libros, material de oficina y un servicio de copister\u00eda de calidad. Impresi\u00f3n de Fotocopias Realizamos fotocopias e impresiones en blanco y negro y a color, con la mejor calidad y en diferentes formatos, adapt\u00e1ndonos a tus necesidades acad\u00e9micas o profesionales. Encuadernaci\u00f3n Met\u00e1lica Dale un acabado profesional a tus documentos con [&hellip;]","og_url":"https:\/\/lastejeras.es\/en\/servicios\/","og_site_name":"LIBRER\u00cdA LAS TEJERAS SL","article_modified_time":"2025-04-03T14:13:40+00:00","og_image":[{"width":1500,"height":1001,"url":"https:\/\/lastejeras.es\/wp-content\/uploads\/2025\/02\/2149456933.jpg","type":"image\/jpeg"}],"twitter_card":"summary_large_image","twitter_misc":{"Estimated reading time":"2 minutes"},"schema":{"@context":"https:\/\/schema.org","@graph":[{"@type":"WebPage","@id":"https:\/\/lastejeras.es\/servicios\/","url":"https:\/\/lastejeras.es\/servicios\/","name":"Servicios - LIBRER\u00cdA LAS TEJERAS SL","isPartOf":{"@id":"https:\/\/lastejeras.es\/#website"},"primaryImageOfPage":{"@id":"https:\/\/lastejeras.es\/servicios\/#primaryimage"},"image":{"@id":"https:\/\/lastejeras.es\/servicios\/#primaryimage"},"thumbnailUrl":"https:\/\/lastejeras.es\/wp-content\/uploads\/2025\/02\/2149456933.jpg","datePublished":"2024-09-25T14:34:37+00:00","dateModified":"2025-04-03T14:13:40+00:00","breadcrumb":{"@id":"https:\/\/lastejeras.es\/servicios\/#breadcrumb"},"inLanguage":"en-GB","potentialAction":[{"@type":"ReadAction","target":["https:\/\/lastejeras.es\/servicios\/"]}]},{"@type":"ImageObject","inLanguage":"en-GB","@id":"https:\/\/lastejeras.es\/servicios\/#primaryimage","url":"https:\/\/lastejeras.es\/wp-content\/uploads\/2025\/02\/2149456933.jpg","contentUrl":"https:\/\/lastejeras.es\/wp-content\/uploads\/2025\/02\/2149456933.jpg"},{"@type":"BreadcrumbList","@id":"https:\/\/lastejeras.es\/servicios\/#breadcrumb","itemListElement":[{"@type":"ListItem","position":1,"name":"Portada","item":"https:\/\/lastejeras.es\/"},{"@type":"ListItem","position":2,"name":"Servicios"}]},{"@type":"WebSite","@id":"https:\/\/lastejeras.es\/#website","url":"https:\/\/lastejeras.es\/","name":"LIBRER\u00cdA LAS TEJERAS SL","description":"Bookstore and Copy Shop","publisher":{"@id":"https:\/\/lastejeras.es\/#organization"},"potentialAction":[{"@type":"SearchAction","target":{"@type":"EntryPoint","urlTemplate":"https:\/\/lastejeras.es\/?s={search_term_string}"},"query-input":{"@type":"PropertyValueSpecification","valueRequired":true,"valueName":"search_term_string"}}],"inLanguage":"en-GB"},{"@type":"Organization","@id":"https:\/\/lastejeras.es\/#organization","name":"LIBRER\u00cdA LAS TEJERAS SL","url":"https:\/\/lastejeras.es\/","logo":{"@type":"ImageObject","inLanguage":"en-GB","@id":"https:\/\/lastejeras.es\/#\/schema\/logo\/image\/","url":"https:\/\/lastejeras.es\/wp-content\/uploads\/2025\/02\/cropped-Design-sem-nome.png","contentUrl":"https:\/\/lastejeras.es\/wp-content\/uploads\/2025\/02\/cropped-Design-sem-nome.png","width":500,"height":453,"caption":"LIBRER\u00cdA LAS TEJERAS SL"},"image":{"@id":"https:\/\/lastejeras.es\/#\/schema\/logo\/image\/"}}]}},"_links":{"self":[{"href":"https:\/\/lastejeras.es\/en\/wp-json\/wp\/v2\/pages\/31","targetHints":{"allow":["GET"]}}],"collection":[{"href":"https:\/\/lastejeras.es\/en\/wp-json\/wp\/v2\/pages"}],"about":[{"href":"https:\/\/lastejeras.es\/en\/wp-json\/wp\/v2\/types\/page"}],"author":[{"embeddable":true,"href":"https:\/\/lastejeras.es\/en\/wp-json\/wp\/v2\/users\/4"}],"replies":[{"embeddable":true,"href":"https:\/\/lastejeras.es\/en\/wp-json\/wp\/v2\/comments?post=31"}],"version-history":[{"count":114,"href":"https:\/\/lastejeras.es\/en\/wp-json\/wp\/v2\/pages\/31\/revisions"}],"predecessor-version":[{"id":1318,"href":"https:\/\/lastejeras.es\/en\/wp-json\/wp\/v2\/pages\/31\/revisions\/1318"}],"wp:attachment":[{"href":"https:\/\/lastejeras.es\/en\/wp-json\/wp\/v2\/media?parent=31"}],"curies":[{"name":"wp","href":"https:\/\/api.w.org\/{rel}","templated":true}]}}